{"id":92,"date":"2024-04-05T11:50:22","date_gmt":"2024-04-05T10:50:22","guid":{"rendered":"https:\/\/insieme-coop.com\/?page_id=92"},"modified":"2024-04-05T20:47:45","modified_gmt":"2024-04-05T19:47:45","slug":"la-rete-di-sostegno","status":"publish","type":"page","link":"https:\/\/insieme-coop.com\/?page_id=92","title":{"rendered":"La Rete di Sostegno"},"content":{"rendered":"<div class=\"wp-block-image\">\n<figure class=\"alignright size-full is-resized\"><img loading=\"lazy\" decoding=\"async\" width=\"540\" height=\"348\" src=\"https:\/\/insieme-coop.com\/wp-content\/uploads\/2024\/04\/1992-Donne-in-nero-Belgrado.jpg\" alt=\"\" class=\"wp-image-177\" style=\"width:302px;height:auto\" srcset=\"https:\/\/insieme-coop.com\/wp-content\/uploads\/2024\/04\/1992-Donne-in-nero-Belgrado.jpg 540w, https:\/\/insieme-coop.com\/wp-content\/uploads\/2024\/04\/1992-Donne-in-nero-Belgrado-300x193.jpg 300w\" sizes=\"auto, (max-width: 540px) 100vw, 540px\" \/><figcaption class=\"wp-element-caption\">1992: donne in nero contro la guerra a Belgrado<\/figcaption><\/figure>\n<\/div>\n\n\n<h2 class=\"wp-block-heading has-large-font-size\">Cosa e&#8217; la rete di sostegno?<\/h2>\n\n\n\n<p class=\"has-medium-font-size\">Negli anni della forza che vince sulla ragione, si sono incontrate le persone che poi costituiranno il nucleo originario del progetto Lamponi di Pace.<\/p>\n\n\n\n<p class=\"has-medium-font-size\">Allora nessuno di noi poteva immaginare quello che sarebbe successo, ma stavamo dalla stessa parte: eravamo parte di un grande movimento contro la guerra.<\/p>\n\n\n<div class=\"wp-block-image\">\n<figure class=\"alignleft size-full is-resized\"><img loading=\"lazy\" decoding=\"async\" width=\"540\" height=\"347\" src=\"https:\/\/insieme-coop.com\/wp-content\/uploads\/2024\/04\/1992-donne-pacifiste-Belgrado.jpg\" alt=\"\" class=\"wp-image-178\" style=\"width:310px;height:auto\" srcset=\"https:\/\/insieme-coop.com\/wp-content\/uploads\/2024\/04\/1992-donne-pacifiste-Belgrado.jpg 540w, https:\/\/insieme-coop.com\/wp-content\/uploads\/2024\/04\/1992-donne-pacifiste-Belgrado-300x193.jpg 300w\" sizes=\"auto, (max-width: 540px) 100vw, 540px\" \/><figcaption class=\"wp-element-caption\">1992: donne per la pace cancelliamo la guerra dalla storia<\/figcaption><\/figure>\n<\/div>\n\n\n<p class=\"has-medium-font-size\">Nel corso degli anni seguenti, intorno a noi si \u00e8 formata una Rete di persone pulite che si \u00e8 allargata a dismisura, tanto che \u00e8 diventato impossibile citarle tutte senza fare torto a nessuno. Ci hanno aiutato a resistere, semplicemente mettendosi al nostro fianco.<\/p>\n\n\n\n<p class=\"has-medium-font-size\">Ciascuno ha dato quello che ha potuto, secondo le sue possibilit\u00e0 e senza garanzie di successo. Qualcuno c\u2019\u00e8 ancora, molti altri sono arrivati dopo e speriamo che ne arriveranno ancora. Sono tutti ugualmente importanti e sanno che qui saranno sempre accolti con un sorriso.<\/p>\n\n\n<div class=\"wp-block-image\">\n<figure class=\"alignright size-full is-resized\"><img loading=\"lazy\" decoding=\"async\" width=\"540\" height=\"360\" src=\"https:\/\/insieme-coop.com\/wp-content\/uploads\/2024\/04\/IMG_9322-copia.jpg\" alt=\"\" class=\"wp-image-179\" style=\"width:330px;height:auto\" srcset=\"https:\/\/insieme-coop.com\/wp-content\/uploads\/2024\/04\/IMG_9322-copia.jpg 540w, https:\/\/insieme-coop.com\/wp-content\/uploads\/2024\/04\/IMG_9322-copia-300x200.jpg 300w\" sizes=\"auto, (max-width: 540px) 100vw, 540px\" \/><figcaption class=\"wp-element-caption\">la Cooperativa Insieme a Bratunac<\/figcaption><\/figure>\n<\/div>\n\n\n<p class=\"has-medium-font-size\">Persone singole, associazioni e istituzioni pubbliche nazionali o locali, associazioni di categoria, istituti di credito etico, professionisti del settore ecc. Da ciascuno sono venuti contributi preziosi di idee e aiuti materiali.<\/p>\n\n\n\n<p class=\"has-medium-font-size\">Le idee che condividiamo e le buone pratiche per realizzarle, costituiscono un \u201cnoi\u201d collettivo senza confini a dividerci. Ci unisce una concezione del diritto di cittadinanza che non discrimina le persone per la loro cultura, religione o etnia (una volta si sarebbe scritto \u201crazza\u201d).<\/p>\n\n\n\n<p class=\"has-medium-font-size\">Ci unisce il rispetto per tutti e il rifiuto di ogni forma di prevaricazione o pulizia etnica. Ciascuno di coloro che si sentono parte di questa Rete, conosce la ricchezza che questa esperienza pu\u00f2 trasmettere anche al di l\u00e0 della piccola regione dove si \u00e8 sviluppata.<\/p>\n\n\n<div class=\"wp-block-image\">\n<figure class=\"alignleft size-full is-resized\"><img loading=\"lazy\" decoding=\"async\" width=\"540\" height=\"360\" src=\"https:\/\/insieme-coop.com\/wp-content\/uploads\/2024\/04\/IMG_7998.jpg\" alt=\"\" class=\"wp-image-180\" style=\"width:354px;height:auto\" srcset=\"https:\/\/insieme-coop.com\/wp-content\/uploads\/2024\/04\/IMG_7998.jpg 540w, https:\/\/insieme-coop.com\/wp-content\/uploads\/2024\/04\/IMG_7998-300x200.jpg 300w\" sizes=\"auto, (max-width: 540px) 100vw, 540px\" \/><figcaption class=\"wp-element-caption\">operaie della Cooperativa Insieme<\/figcaption><\/figure>\n<\/div>\n\n\n<p class=\"has-medium-font-size\">Se \u00e8 stato possibile qui, dove l\u2019orrore \u00e8 stato enorme e gli assassini pensavano di essere riusciti a scavare un solco di odio incolmabile tra le persone, vuol dire che possiamo far valere le ragioni della Pace ovunque nel mondo.<\/p>\n\n\n\n<p class=\"has-medium-font-size\">Lasciateci aggiungere che non \u00e8 casuale che un\u2019idea cos\u00ec forte sia nata e sia stata portata avanti principalmente da un meraviglioso gruppo di donne.<\/p>\n\n\n\n<p><\/p>\n\n\n\n<h2 class=\"wp-block-heading\">Quale e\u2019 il compito della rete oggi?<\/h2>\n\n\n\n<p class=\"has-medium-font-size\">Le emergenze non finiscono mai ed \u00e8 bene non abbassare la guardia. La nostra \u00e8 un\u2019esperienza bella e fragile \u201ccome una goccia d\u2019acqua nel palmo di una mano\u201d, come si diceva una volta a proposito del nostro paese, la Bosnia Erzegovina. Vogliamo ricostruire la qualit\u00e0 della nostra vita e questo passa anche per il successo commerciale della Cooperativa Insieme.<\/p>\n\n\n\n<p class=\"has-medium-font-size\">Dopo anni di lavoro cominciamo a vedere risultati importanti e ad essere riconosciuti. Questo ci da fiducia e rappresenta un esempio da seguire per gli altri. Dobbiamo riuscire a farci conoscere sempre di pi\u00f9, anche senza la pubblicit\u00e0 che non possiamo permetterci. Per questo contiamo sui legami tra gli amici della Rete di sostegno.<\/p>\n\n\n<div class=\"wp-block-image\">\n<figure class=\"alignright size-full is-resized\"><img loading=\"lazy\" decoding=\"async\" width=\"540\" height=\"360\" src=\"https:\/\/insieme-coop.com\/wp-content\/uploads\/2024\/04\/ragazzi-nel-campo-IMG_1386.jpg\" alt=\"\" class=\"wp-image-183\" style=\"width:346px;height:auto\" srcset=\"https:\/\/insieme-coop.com\/wp-content\/uploads\/2024\/04\/ragazzi-nel-campo-IMG_1386.jpg 540w, https:\/\/insieme-coop.com\/wp-content\/uploads\/2024\/04\/ragazzi-nel-campo-IMG_1386-300x200.jpg 300w\" sizes=\"auto, (max-width: 540px) 100vw, 540px\" \/><figcaption class=\"wp-element-caption\">nel campo dei lamponi<\/figcaption><\/figure>\n<\/div>\n\n\n<p class=\"has-medium-font-size\">I nostri amici italiani ci dicono che parlare della nostra esperienza li aiuta a costruire un\u2019Italia migliore. Sappiamo che vogliono dire, perch\u00e9 il virus dell\u2019odio, che conosciamo bene, \u00e8 vivo in tutta Europa e alligna nella cultura dell\u2019esclusione del diverso. Sconfiggerlo \u00e8 un affare che ci riguarda tutti.<\/p>\n\n\n\n<p class=\"has-medium-font-size\">Sappiamo che i nostri prodotti possono essere acquistati anche solo per solidariet\u00e0. Ma sappiamo anche che se non saranno sempre buoni come sono, difficilmente saranno comprati una seconda volta. Per questo puntiamo tutto sulla qualit\u00e0, cio\u00e8, sulla seconda volta.<\/p>\n","protected":false},"excerpt":{"rendered":"<p>Cosa e&#8217; la rete di sostegno? Negli anni della forza che vince sulla ragione, si sono incontrate le persone che poi costituiranno il nucleo originario del progetto Lamponi di Pace. Allora nessuno di noi poteva immaginare quello che sarebbe successo, ma stavamo dalla stessa parte: eravamo parte di un grande movimento contro la guerra. Nel [&hellip;]<\/p>\n","protected":false},"author":1,"featured_media":0,"parent":0,"menu_order":0,"comment_status":"closed","ping_status":"closed","template":"","meta":{"_monsterinsights_skip_tracking":false,"_monsterinsights_sitenote_active":false,"_monsterinsights_sitenote_note":"","_monsterinsights_sitenote_category":0,"footnotes":""},"class_list":["post-92","page","type-page","status-publish","hentry"],"aioseo_notices":[],"_links":{"self":[{"href":"https:\/\/insieme-coop.com\/index.php?rest_route=\/wp\/v2\/pages\/92","targetHints":{"allow":["GET"]}}],"collection":[{"href":"https:\/\/insieme-coop.com\/index.php?rest_route=\/wp\/v2\/pages"}],"about":[{"href":"https:\/\/insieme-coop.com\/index.php?rest_route=\/wp\/v2\/types\/page"}],"author":[{"embeddable":true,"href":"https:\/\/insieme-coop.com\/index.php?rest_route=\/wp\/v2\/users\/1"}],"replies":[{"embeddable":true,"href":"https:\/\/insieme-coop.com\/index.php?rest_route=%2Fwp%2Fv2%2Fcomments&post=92"}],"version-history":[{"count":3,"href":"https:\/\/insieme-coop.com\/index.php?rest_route=\/wp\/v2\/pages\/92\/revisions"}],"predecessor-version":[{"id":184,"href":"https:\/\/insieme-coop.com\/index.php?rest_route=\/wp\/v2\/pages\/92\/revisions\/184"}],"wp:attachment":[{"href":"https:\/\/insieme-coop.com\/index.php?rest_route=%2Fwp%2Fv2%2Fmedia&parent=92"}],"curies":[{"name":"wp","href":"https:\/\/api.w.org\/{rel}","templated":true}]}}