{"id":79,"date":"2024-04-05T11:48:08","date_gmt":"2024-04-05T10:48:08","guid":{"rendered":"https:\/\/insieme-coop.com\/?page_id=79"},"modified":"2024-04-05T21:28:46","modified_gmt":"2024-04-05T20:28:46","slug":"vivaio","status":"publish","type":"page","link":"https:\/\/insieme-coop.com\/?page_id=79","title":{"rendered":"Vivaio"},"content":{"rendered":"\n<h2 class=\"wp-block-heading\">Vivaio<\/h2>\n\n\n<div class=\"wp-block-image\">\n<figure class=\"alignright size-full is-resized\"><img loading=\"lazy\" decoding=\"async\" width=\"360\" height=\"540\" src=\"https:\/\/insieme-coop.com\/wp-content\/uploads\/2024\/04\/IMG_9309.jpg\" alt=\"\" class=\"wp-image-223\" style=\"width:350px\" srcset=\"https:\/\/insieme-coop.com\/wp-content\/uploads\/2024\/04\/IMG_9309.jpg 360w, https:\/\/insieme-coop.com\/wp-content\/uploads\/2024\/04\/IMG_9309-200x300.jpg 200w\" sizes=\"auto, (max-width: 360px) 100vw, 360px\" \/><figcaption class=\"wp-element-caption\">controllo delle piantine in serra<\/figcaption><\/figure>\n<\/div>\n\n\n<p class=\"has-medium-font-size\">\u201cInsieme\u201d \u00e8 nata come cooperativa agricola specializzata per i piccoli frutti rossi, dopo un\u2019analisi attenta del territorio, del mercato e delle forze produttive locali. Fin dall\u2019inizio abbiamo avuto coscienza che per avere successo bisognasse partire praticando una produzione moderna e integrata, cio\u00e8 capace di offrire assistenza completa ai produttori in tutte le fasi del processo lavorativo: \u201c<strong>dal campo al prodotto finito<\/strong>\u201d.<\/p>\n\n\n\n<p class=\"has-medium-font-size\">Per questa ragione, gi\u00e0 nel 2005, la Cooperativa Insieme ha progettato e realizzato un vivaio con una capacit\u00e0 annuale di produzione di 150.000 unit\u00e0 di materiale riproduttivo (piantine).<br>La relazione sana tra la Cooperativa e i suoi soci nasce da questo approccio iniziale. Siamo convinti che la soddisfazione delle esigenze dei produttori sia un beneficio per tutti e offra buone garanzie per una collaborazione duratura e di successo.<br>L\u2019esperienza della Cooperativa e la professionalit\u00e0 del suo personale sono cresciute molto, dai primi anni del progetto. Il rispetto degli standard pi\u00f9 alti dell\u2019Unione Europea e un continuo processo di aggiornamento, sono fondamentali perch\u00e9 il 90% del nostro prodotto \u00e8 destinato all\u2019esportazione.<br>Nella parte formativa del progetto, un ruolo fondamentale \u00e8 stato svolto dagli esperti della <strong>Cooperativa S.Orsola di Pergine Valsugana<\/strong> (Tn), in particolare del Sig. <strong>Ilario Loriatti<\/strong>, tecnico esperto della coltivazione dei piccoli frutti e nella gestione di cooperative di produttori, che per diversi anni ha controllato la nostra produzione e ha dato un grande contributo alla formazione dei nostri tecnici.<\/p>\n\n\n<div class=\"wp-block-image\">\n<figure class=\"alignleft size-full is-resized\"><img loading=\"lazy\" decoding=\"async\" width=\"540\" height=\"360\" src=\"https:\/\/insieme-coop.com\/wp-content\/uploads\/2024\/04\/IMG_9284.jpg\" alt=\"\" class=\"wp-image-224\" style=\"width:350px\" srcset=\"https:\/\/insieme-coop.com\/wp-content\/uploads\/2024\/04\/IMG_9284.jpg 540w, https:\/\/insieme-coop.com\/wp-content\/uploads\/2024\/04\/IMG_9284-300x200.jpg 300w\" sizes=\"auto, (max-width: 540px) 100vw, 540px\" \/><figcaption class=\"wp-element-caption\">la nostra serra vivaio<\/figcaption><\/figure>\n<\/div>\n\n\n<p class=\"has-medium-font-size\">Dal nostro vivaio sono uscite circa 500.000 piante, di cui due terzi sono stati distribuiti ai soci produttori attraverso un sistema di microcredito (pagato in tre anni con la consegna del prodotto stesso) che ha aiutato i soci e rafforzato la fiducia nei valori che la cooperativa vuole promuovere. Un terzo delle piante \u00e8 stato venduto su tutto il territorio della Bosnia-Erzegovina, nel mercato libero. Il nostro vivaio in serra (circa 400m2) \u00e8 stato costruito nel rispetto delle normative vigenti per questo tipo di produzione. L\u2019infrastruttura \u00e8 completa di impianto elettrico, idrico, irrigazione, riscaldamento, banchi sotto carico, illuminazione e ventilazione. Siamo proprietari di frutteti sperimentali di cinque diverse variet\u00e0 di lamponi, di alcune variet\u00e0 di more e ribes, e siamo stati i primi in Bosnia-Erzegovina ad avere introdotto la variet\u00e0 \u201ctardiva\u201d (<strong>Heritage<\/strong>), con la quale siamo in grado di raccogliere i lamponi due volte l\u2019anno.<\/p>\n","protected":false},"excerpt":{"rendered":"<p>Vivaio \u201cInsieme\u201d \u00e8 nata come cooperativa agricola specializzata per i piccoli frutti rossi, dopo un\u2019analisi attenta del territorio, del mercato e delle forze produttive locali. Fin dall\u2019inizio abbiamo avuto coscienza che per avere successo bisognasse partire praticando una produzione moderna e integrata, cio\u00e8 capace di offrire assistenza completa ai produttori in tutte le fasi del [&hellip;]<\/p>\n","protected":false},"author":1,"featured_media":0,"parent":0,"menu_order":0,"comment_status":"closed","ping_status":"closed","template":"","meta":{"_monsterinsights_skip_tracking":false,"_monsterinsights_sitenote_active":false,"_monsterinsights_sitenote_note":"","_monsterinsights_sitenote_category":0,"footnotes":""},"class_list":["post-79","page","type-page","status-publish","hentry"],"aioseo_notices":[],"_links":{"self":[{"href":"https:\/\/insieme-coop.com\/index.php?rest_route=\/wp\/v2\/pages\/79","targetHints":{"allow":["GET"]}}],"collection":[{"href":"https:\/\/insieme-coop.com\/index.php?rest_route=\/wp\/v2\/pages"}],"about":[{"href":"https:\/\/insieme-coop.com\/index.php?rest_route=\/wp\/v2\/types\/page"}],"author":[{"embeddable":true,"href":"https:\/\/insieme-coop.com\/index.php?rest_route=\/wp\/v2\/users\/1"}],"replies":[{"embeddable":true,"href":"https:\/\/insieme-coop.com\/index.php?rest_route=%2Fwp%2Fv2%2Fcomments&post=79"}],"version-history":[{"count":3,"href":"https:\/\/insieme-coop.com\/index.php?rest_route=\/wp\/v2\/pages\/79\/revisions"}],"predecessor-version":[{"id":226,"href":"https:\/\/insieme-coop.com\/index.php?rest_route=\/wp\/v2\/pages\/79\/revisions\/226"}],"wp:attachment":[{"href":"https:\/\/insieme-coop.com\/index.php?rest_route=%2Fwp%2Fv2%2Fmedia&parent=79"}],"curies":[{"name":"wp","href":"https:\/\/api.w.org\/{rel}","templated":true}]}}