{"id":53,"date":"2024-04-05T09:38:34","date_gmt":"2024-04-05T08:38:34","guid":{"rendered":"https:\/\/insieme-coop.com\/?page_id=53"},"modified":"2024-04-05T21:08:45","modified_gmt":"2024-04-05T20:08:45","slug":"storia","status":"publish","type":"page","link":"https:\/\/insieme-coop.com\/?page_id=53","title":{"rendered":"Storia"},"content":{"rendered":"\n<h2 class=\"wp-block-heading\">Storia<\/h2>\n\n\n<div class=\"wp-block-image\">\n<figure class=\"alignleft size-full is-resized\"><img loading=\"lazy\" decoding=\"async\" width=\"540\" height=\"360\" src=\"https:\/\/insieme-coop.com\/wp-content\/uploads\/2024\/04\/IMG_9068.jpg\" alt=\"\" class=\"wp-image-206\" style=\"width:279px;height:auto\" srcset=\"https:\/\/insieme-coop.com\/wp-content\/uploads\/2024\/04\/IMG_9068.jpg 540w, https:\/\/insieme-coop.com\/wp-content\/uploads\/2024\/04\/IMG_9068-300x200.jpg 300w\" sizes=\"auto, (max-width: 540px) 100vw, 540px\" \/><figcaption class=\"wp-element-caption\">lo stabilimento della Cooperativa Insieme<\/figcaption><\/figure>\n<\/div>\n\n\n<p class=\"has-medium-font-size\">La Cooperativa agricola \u201cInsieme\u201c \u00e8 nata a giugno del 2003 per iniziativa di dieci soci fondatori, in maggioranza donne. Il suo scopo dichiarato era favorire il ritorno a casa dei profughi e delle profughe e superare i mille ostacoli materiali e psicologici alla ripresa di una vita in comune.<\/p>\n\n\n\n<p class=\"has-medium-font-size\">Oggi la Cooperativa riesce a sostenere i contadini nella fase della produzione e si occupa della raccolta, della surgelazione, della trasformazione e della vendita di prodotti derivati da piccoli frutti. La scelta dei piccoli frutti \u00e8 coerente con la storia dell\u2019agricoltura tradizionale dell\u2019area, favorita da buone condizioni climatiche e dall\u2019analisi delle risorse umane disponibili.<\/p>\n\n\n<div class=\"wp-block-image\">\n<figure class=\"alignright size-full is-resized\"><img loading=\"lazy\" decoding=\"async\" width=\"540\" height=\"360\" src=\"https:\/\/insieme-coop.com\/wp-content\/uploads\/2024\/04\/campo-lamponi-IMG_1216.jpg\" alt=\"\" class=\"wp-image-207\" style=\"width:318px;height:auto\" srcset=\"https:\/\/insieme-coop.com\/wp-content\/uploads\/2024\/04\/campo-lamponi-IMG_1216.jpg 540w, https:\/\/insieme-coop.com\/wp-content\/uploads\/2024\/04\/campo-lamponi-IMG_1216-300x200.jpg 300w\" sizes=\"auto, (max-width: 540px) 100vw, 540px\" \/><figcaption class=\"wp-element-caption\">campo di lamponi<\/figcaption><\/figure>\n<\/div>\n\n\n<p class=\"has-medium-font-size\">Gli investimenti necessari a riprendere la coltivazione sono limitati, perch\u00e9 le terre sono gi\u00e0 di propriet\u00e0 delle famiglie dei produttori. Generalmente si tratta di piccoli appezzamenti da 1.000 a 5.000 mq. La Cooperativa produce nei suoi vivai piante di prima qualit\u00e0 di lamponi, more e piccoli frutti e le distribuisce a credito ai contadini (il costo delle piantine \u00e8 trattenuto successivamente, dal ricavo della raccolta).<\/p>\n\n\n\n<p class=\"has-medium-font-size\">Tecnici specializzati assistono e formano i produttori garantendo la sostenibilit\u00e0 del progetto.<br>L\u2019esperienza della Cooperativa, nel processo che va dalla produzione alla vendita dei prodotti, stimola lo sviluppo e la gestione autonoma di nuove aziende agricole.<\/p>\n\n\n\n<h2 class=\"wp-block-heading\">Esperienza e attivita\u2019<\/h2>\n\n\n\n<p class=\"has-medium-font-size\">Anni di lavoro possono essere sintetizzati in queste attivit\u00e0 principali:<\/p>\n\n\n<div class=\"wp-block-image\">\n<figure class=\"alignright size-full is-resized\"><img loading=\"lazy\" decoding=\"async\" width=\"360\" height=\"540\" src=\"https:\/\/insieme-coop.com\/wp-content\/uploads\/2024\/04\/IMG_1856.jpg\" alt=\"\" class=\"wp-image-210\" style=\"width:232px;height:auto\" srcset=\"https:\/\/insieme-coop.com\/wp-content\/uploads\/2024\/04\/IMG_1856.jpg 360w, https:\/\/insieme-coop.com\/wp-content\/uploads\/2024\/04\/IMG_1856-200x300.jpg 200w\" sizes=\"auto, (max-width: 360px) 100vw, 360px\" \/><figcaption class=\"wp-element-caption\">Maja e Nermina, agronome<\/figcaption><\/figure>\n<\/div>\n\n\n<ul class=\"wp-block-list\">\n<li class=\"has-medium-font-size\">riattivazione e incremento della produzione di piccoli frutti, tramite la promozione dei valori della cooperazione e di metodi di produzione moderni ed eco-sostenibili;<\/li>\n\n\n\n<li class=\"has-medium-font-size\">formazione e specializzazione continua dei produttori e degli agronomi locali;<\/li>\n\n\n\n<li class=\"has-medium-font-size\">costruzione dei vivai adatti a produrre piantine di ottima qualit\u00e0;<\/li>\n\n\n\n<li class=\"has-medium-font-size\">diffusione di tecniche moderne di coltivazione (irrigazione, fertilizzazione);<\/li>\n\n\n\n<li class=\"has-medium-font-size\">introduzione di nuove variet\u00e0 di lamponi (resistenti e adattabili) che prolungano il periodo di vegetazione ed aiutano a ottimizzare l\u2019uso della forza lavoro;<\/li>\n\n\n\n<li class=\"has-medium-font-size\">realizzazione di un proprio impianto di surgelazione per diventare indipendenti da commercianti e mediatori locali (che costringevano i produttori a vendere la loro frutta a prezzi troppo bassi);<\/li>\n\n\n\n<li class=\"has-medium-font-size\">realizzazione di un laboratorio per la trasformazione di una parte del prodotto raccolto (confetture, succhi di frutta, prodotti bio).<\/li>\n<\/ul>\n","protected":false},"excerpt":{"rendered":"<p>Storia La Cooperativa agricola \u201cInsieme\u201c \u00e8 nata a giugno del 2003 per iniziativa di dieci soci fondatori, in maggioranza donne. Il suo scopo dichiarato era favorire il ritorno a casa dei profughi e delle profughe e superare i mille ostacoli materiali e psicologici alla ripresa di una vita in comune. Oggi la Cooperativa riesce a [&hellip;]<\/p>\n","protected":false},"author":1,"featured_media":0,"parent":0,"menu_order":0,"comment_status":"closed","ping_status":"closed","template":"","meta":{"_monsterinsights_skip_tracking":false,"_monsterinsights_sitenote_active":false,"_monsterinsights_sitenote_note":"","_monsterinsights_sitenote_category":0,"footnotes":""},"class_list":["post-53","page","type-page","status-publish","hentry"],"aioseo_notices":[],"_links":{"self":[{"href":"https:\/\/insieme-coop.com\/index.php?rest_route=\/wp\/v2\/pages\/53","targetHints":{"allow":["GET"]}}],"collection":[{"href":"https:\/\/insieme-coop.com\/index.php?rest_route=\/wp\/v2\/pages"}],"about":[{"href":"https:\/\/insieme-coop.com\/index.php?rest_route=\/wp\/v2\/types\/page"}],"author":[{"embeddable":true,"href":"https:\/\/insieme-coop.com\/index.php?rest_route=\/wp\/v2\/users\/1"}],"replies":[{"embeddable":true,"href":"https:\/\/insieme-coop.com\/index.php?rest_route=%2Fwp%2Fv2%2Fcomments&post=53"}],"version-history":[{"count":3,"href":"https:\/\/insieme-coop.com\/index.php?rest_route=\/wp\/v2\/pages\/53\/revisions"}],"predecessor-version":[{"id":211,"href":"https:\/\/insieme-coop.com\/index.php?rest_route=\/wp\/v2\/pages\/53\/revisions\/211"}],"wp:attachment":[{"href":"https:\/\/insieme-coop.com\/index.php?rest_route=%2Fwp%2Fv2%2Fmedia&parent=53"}],"curies":[{"name":"wp","href":"https:\/\/api.w.org\/{rel}","templated":true}]}}