{"id":52,"date":"2024-04-05T09:38:34","date_gmt":"2024-04-05T08:38:34","guid":{"rendered":"https:\/\/insieme-coop.com\/?page_id=52"},"modified":"2024-04-05T20:59:49","modified_gmt":"2024-04-05T19:59:49","slug":"missione","status":"publish","type":"page","link":"https:\/\/insieme-coop.com\/?page_id=52","title":{"rendered":"Missione"},"content":{"rendered":"\n<h2 class=\"wp-block-heading\">Missione<\/h2>\n\n\n\n<p class=\"has-medium-font-size\">Lo scopo generale del progetto \u00e8 sostenere e facilitare il ritorno dei rifugiati e la vita in comune nella regione di Bratunac e Srebrenica, attraverso la riattivazione di un sistema microeconomico basato sulla coltivazione di piccoli frutti in fattorie di famiglia unite in cooperativa.<\/p>\n\n\n<div class=\"wp-block-image\">\n<figure class=\"alignleft size-full is-resized\"><img loading=\"lazy\" decoding=\"async\" width=\"540\" height=\"360\" src=\"https:\/\/insieme-coop.com\/wp-content\/uploads\/2024\/04\/IMG_1245.jpg\" alt=\"\" class=\"wp-image-195\" style=\"width:330px;height:auto\" srcset=\"https:\/\/insieme-coop.com\/wp-content\/uploads\/2024\/04\/IMG_1245.jpg 540w, https:\/\/insieme-coop.com\/wp-content\/uploads\/2024\/04\/IMG_1245-300x200.jpg 300w\" sizes=\"auto, (max-width: 540px) 100vw, 540px\" \/><figcaption class=\"wp-element-caption\">contadine aspettano il camion della Cooperativa per la consegna del raccolto<\/figcaption><\/figure>\n<\/div>\n\n\n<p class=\"has-medium-font-size\">La Cooperativa si propone come una struttura democratica in grado di rispondere alle esigenze delle persone che vivono nella regione. In particolare, intende ricostruire le relazioni tra chi \u00e8 rimasto e chi \u00e8 ritornato, attraverso la diffusione dei valori del lavoro e della cooperazione.<br>Rilanciare un\u2019economia rurale sostenibile (da un punto di vista economico, sociale e ambientale) \u00e8 la chiave per realizzare la riconciliazione superando le divisioni costruite dalla guerra. Il rispetto e la fiducia reciproca che si ricreano nel lavoro e nel conseguimento di risultati positivi per tutti, sono il cemento che tiene insieme una comunit\u00e0 multiculturale.<\/p>\n\n\n<div class=\"wp-block-image\">\n<figure class=\"alignright size-full is-resized\"><img loading=\"lazy\" decoding=\"async\" width=\"540\" height=\"360\" src=\"https:\/\/insieme-coop.com\/wp-content\/uploads\/2024\/04\/IMG_1110.jpg\" alt=\"\" class=\"wp-image-197\" style=\"width:371px;height:auto\" srcset=\"https:\/\/insieme-coop.com\/wp-content\/uploads\/2024\/04\/IMG_1110.jpg 540w, https:\/\/insieme-coop.com\/wp-content\/uploads\/2024\/04\/IMG_1110-300x200.jpg 300w\" sizes=\"auto, (max-width: 540px) 100vw, 540px\" \/><figcaption class=\"wp-element-caption\">aspettando per la consegna dei lamponi<\/figcaption><\/figure>\n<\/div>\n\n\n<p class=\"has-medium-font-size\">Per fare parte della Cooperativa sono richiesti questi requisiti: \u2013 una piccola dimensione dell\u2019azienda, che deve essere fondata su base familiare, nella quale il titolare lavora direttamente la terra e controlla ogni fase dell\u2019attivit\u00e0 produttiva; \u2013 l\u2019uso di variet\u00e0 di frutta non modificate geneticamente e, quando possibile, la scelta di variet\u00e0 di frutta locali e tradizionali; \u2013 l\u2019uso di piccoli frutti provenienti dalla raccolta spontanea nei boschi (per una parte specifica della produzione); \u2013 l\u2019impiego di metodi di coltura, lavorazione, trasformazione e stagionatura rispettosi della salute dell\u2019uomo, degli animali e dell\u2019ambiente, adottando tecniche di coltivazione eco-sostenibili, rispettando le tradizioni, ed usando le ricette delle nostre nonne e mamme.<\/p>\n\n\n\n<p><\/p>\n\n\n<div class=\"wp-block-image\">\n<figure class=\"alignleft size-full is-resized\"><img loading=\"lazy\" decoding=\"async\" width=\"540\" height=\"360\" src=\"https:\/\/insieme-coop.com\/wp-content\/uploads\/2024\/04\/IMG_1124.jpg\" alt=\"\" class=\"wp-image-198\" style=\"width:391px;height:auto\" srcset=\"https:\/\/insieme-coop.com\/wp-content\/uploads\/2024\/04\/IMG_1124.jpg 540w, https:\/\/insieme-coop.com\/wp-content\/uploads\/2024\/04\/IMG_1124-300x200.jpg 300w\" sizes=\"auto, (max-width: 540px) 100vw, 540px\" \/><figcaption class=\"wp-element-caption\">ogni consegna \u00e8 registrata<\/figcaption><\/figure>\n<\/div>\n\n\n<p class=\"has-medium-font-size\">Da quando la Cooperativa Insieme \u00e8 stata fondata, abbiamo lavorato per ottenere risultati sempre migliori. La ricerca di mercato \u00e8 un elemento determinante per definire una strategia di sviluppo. Per questo ci siamo attrezzati per affiancare prodotti lavorati o semi lavorati alla semplice produzione di frutta come materia prima (congelata o fresca).<\/p>\n\n\n\n<p><\/p>\n\n\n<div class=\"wp-block-image\">\n<figure class=\"alignright size-full is-resized\"><img loading=\"lazy\" decoding=\"async\" width=\"540\" height=\"360\" src=\"https:\/\/insieme-coop.com\/wp-content\/uploads\/2024\/04\/IMG_1253-copia.jpg\" alt=\"\" class=\"wp-image-199\" style=\"width:376px;height:auto\" srcset=\"https:\/\/insieme-coop.com\/wp-content\/uploads\/2024\/04\/IMG_1253-copia.jpg 540w, https:\/\/insieme-coop.com\/wp-content\/uploads\/2024\/04\/IMG_1253-copia-300x200.jpg 300w\" sizes=\"auto, (max-width: 540px) 100vw, 540px\" \/><figcaption class=\"wp-element-caption\">sorrisi di donne<\/figcaption><\/figure>\n<\/div>\n\n\n<p class=\"has-medium-font-size\">Crediamo che raggiungere l\u2019auto-sostenibilit\u00e0 economica del progetto sia determinante per conseguire anche gli obiettivi sociali che ci proponiamo. Ricostruire le condizioni per la vita in comune \u00e8 pi\u00f9 facile lavorando insieme per la prosperit\u00e0 economica. Siamo sicuri che questo sia il modo migliore per ripristinare i valori di fiducia e rispetto reciproco tra le persone, le famiglie e i villaggi della regione dove opera la Cooperativa Insieme. Ricostruire la convivenza in questa zona dove i pi\u00f9 orrendi massacri sono stati all\u2019ordine del giorno e immaginare il futuro sembrava impossibile, rappresenta un esempio universale.<\/p>\n\n\n\n<p class=\"has-medium-font-size\">Abbiamo sempre agito responsabilmente verso la societ\u00e0 e l\u2019ambiente. Crediamo che per avere successo dobbiamo offrire prodotti che contengano il meglio della natura, senza dimenticare il contesto in cui operiamo.<\/p>\n","protected":false},"excerpt":{"rendered":"<p>Missione Lo scopo generale del progetto \u00e8 sostenere e facilitare il ritorno dei rifugiati e la vita in comune nella regione di Bratunac e Srebrenica, attraverso la riattivazione di un sistema microeconomico basato sulla coltivazione di piccoli frutti in fattorie di famiglia unite in cooperativa. La Cooperativa si propone come una struttura democratica in grado [&hellip;]<\/p>\n","protected":false},"author":1,"featured_media":0,"parent":0,"menu_order":0,"comment_status":"closed","ping_status":"closed","template":"","meta":{"_monsterinsights_skip_tracking":false,"_monsterinsights_sitenote_active":false,"_monsterinsights_sitenote_note":"","_monsterinsights_sitenote_category":0,"footnotes":""},"class_list":["post-52","page","type-page","status-publish","hentry"],"aioseo_notices":[],"_links":{"self":[{"href":"https:\/\/insieme-coop.com\/index.php?rest_route=\/wp\/v2\/pages\/52","targetHints":{"allow":["GET"]}}],"collection":[{"href":"https:\/\/insieme-coop.com\/index.php?rest_route=\/wp\/v2\/pages"}],"about":[{"href":"https:\/\/insieme-coop.com\/index.php?rest_route=\/wp\/v2\/types\/page"}],"author":[{"embeddable":true,"href":"https:\/\/insieme-coop.com\/index.php?rest_route=\/wp\/v2\/users\/1"}],"replies":[{"embeddable":true,"href":"https:\/\/insieme-coop.com\/index.php?rest_route=%2Fwp%2Fv2%2Fcomments&post=52"}],"version-history":[{"count":6,"href":"https:\/\/insieme-coop.com\/index.php?rest_route=\/wp\/v2\/pages\/52\/revisions"}],"predecessor-version":[{"id":204,"href":"https:\/\/insieme-coop.com\/index.php?rest_route=\/wp\/v2\/pages\/52\/revisions\/204"}],"wp:attachment":[{"href":"https:\/\/insieme-coop.com\/index.php?rest_route=%2Fwp%2Fv2%2Fmedia&parent=52"}],"curies":[{"name":"wp","href":"https:\/\/api.w.org\/{rel}","templated":true}]}}