{"id":14,"date":"2024-04-05T08:51:39","date_gmt":"2024-04-05T07:51:39","guid":{"rendered":"https:\/\/insieme-coop.com\/?page_id=14"},"modified":"2024-04-05T20:48:25","modified_gmt":"2024-04-05T19:48:25","slug":"lamponi-di-pace","status":"publish","type":"page","link":"https:\/\/insieme-coop.com\/?page_id=14","title":{"rendered":"Lamponi di Pace"},"content":{"rendered":"\n<h2 class=\"wp-block-heading\">Lamponi di Pace<\/h2>\n\n\n\n<p class=\"has-medium-font-size\">Questo \u00e8 il nome che abbiamo scelto per definire in una breve frase l\u2019idea originaria che ha dato origine alla Cooperativa Insieme.<\/p>\n\n\n<div class=\"wp-block-image\">\n<figure class=\"alignleft size-full is-resized\"><img loading=\"lazy\" decoding=\"async\" width=\"540\" height=\"360\" src=\"https:\/\/insieme-coop.com\/wp-content\/uploads\/2024\/04\/IMG_1193.jpg\" alt=\"\" class=\"wp-image-97\" style=\"width:351px;height:auto\" srcset=\"https:\/\/insieme-coop.com\/wp-content\/uploads\/2024\/04\/IMG_1193.jpg 540w, https:\/\/insieme-coop.com\/wp-content\/uploads\/2024\/04\/IMG_1193-300x200.jpg 300w\" sizes=\"auto, (max-width: 540px) 100vw, 540px\" \/><figcaption class=\"wp-element-caption\">lamponi appena raccolti<\/figcaption><\/figure>\n<\/div>\n\n\n<p class=\"has-medium-font-size\">Noi siamo convinti che la Cooperativa e tutte le azioni svolte nel programma \u201c<strong>Lamponi di Pace<\/strong>\u201d non siano soltanto un\u2019iniziativa di cooperazione allo sviluppo, ma rappresentino una sorta di percorso riabilitativo, una chiave per sgretolare il muro di odio, diffidenza e tensione fra le parti in conflitto, una delle strade possibili verso la riconciliazione nel dopoguerra.<\/p>\n\n\n\n<p class=\"has-medium-font-size\">La nostra \u00e8 un\u2019impresa complessa, iniziata con la speranza di offrire un\u2019opportunit\u00e0 agli abitanti di Bratunac, Srebrenica e di tutta la zona. Vorremmo vedere realizzato quanto scrivemmo nel nostro primo progetto: \u201c<strong>\u2026 lamponi che trasformano la parola ritorno nella parola restare.<\/strong>\u201d<\/p>\n\n\n\n<p class=\"has-medium-font-size\">In sintesi, riteniamo che coltivare lamponi, more, fragole, mirtilli e produrre confetture e succhi di frutta, siano i primi passi di un cammino coinvolgente e multidimensionale. L\u2019esito positivo di questa storia di rinascita dal dopoguerra e di ritorno alla normalit\u00e0 \u00e8 possibile a una condizione: non dimenticare il passato, senza rimanerne ingabbiati. <strong>Ricordare oggi per proiettarsi nel domani<\/strong>.<\/p>\n\n\n\n<p class=\"has-medium-font-size\">I \u201c<strong>Frutti di Pace<\/strong>\u201d possono crescere anche dalle opportunit\u00e0 di lavoro che la Cooperativa offre. Perch\u00e9 senza il lavoro non ci sar\u00e0 il ritorno di chi \u00e8 stato cacciato e senza la vita \u201c<strong>insieme<\/strong>\u201d la nostra terra non sar\u00e0 mai com\u2019era prima e come la amavamo tanto.<\/p>\n\n\n\n<h2 class=\"wp-block-heading has-text-align-left\">Perch\u00e9 i lamponi?<\/h2>\n\n\n\n<ul class=\"wp-block-list\">\n<li class=\"has-medium-font-size\">perch\u00e9 sono la cultura tradizionale dell\u2019area;<\/li>\n\n\n\n<li class=\"has-medium-font-size\">perch\u00e9 la loro raccolta non richiede grande forza fisica e pu\u00f2 essere praticata anche da donne sole e da famiglie con membri in et\u00e0 avanzata;<\/li>\n\n\n\n<li class=\"has-medium-font-size\">perch\u00e9 con pochi investimenti una famiglia pu\u00f2 diventare economicamente autonoma;<\/li>\n\n\n\n<li class=\"has-medium-font-size\">perch\u00e9 nel mercato mondiale c\u2019\u00e8 richiesta di lamponi;<\/li>\n\n\n\n<li class=\"has-medium-font-size\">perch\u00e9 i lamponi trasformano la parola \u201critorno\u201d nella parola \u201crestare\u201d, in quanto ogni pianta di lampone dar\u00e0 frutti per almeno dodici anni, costituendo un incentivo a rimanere per i coltivatori.<\/li>\n<\/ul>\n\n\n<div class=\"wp-block-image\">\n<figure class=\"alignright size-full is-resized\"><img loading=\"lazy\" decoding=\"async\" width=\"540\" height=\"360\" src=\"https:\/\/insieme-coop.com\/wp-content\/uploads\/2024\/04\/IMG_9356.jpg\" alt=\"\" class=\"wp-image-98\" style=\"width:308px;height:auto\" srcset=\"https:\/\/insieme-coop.com\/wp-content\/uploads\/2024\/04\/IMG_9356.jpg 540w, https:\/\/insieme-coop.com\/wp-content\/uploads\/2024\/04\/IMG_9356-300x200.jpg 300w\" sizes=\"auto, (max-width: 540px) 100vw, 540px\" \/><figcaption class=\"wp-element-caption\">Radmila, Nermina, Zhinya e il caff\u00e8<\/figcaption><\/figure>\n<\/div>\n\n\n<h2 class=\"wp-block-heading\">Perch\u00e9 &#8220;Lamponi di Pace&#8221;?<\/h2>\n\n\n\n<p class=\"has-medium-font-size\">Perch\u00e8 vogliamo contribuire alla ripresa economica e della convivenza multiculturale della regione, ma anche rappresentare un modo diverso di praticare la cooperazione allo sviluppo. Al centro del progetto c\u2019\u00e8 la comunit\u00e0 locale, la sua cultura eterogenea, il rispetto delle attivit\u00e0 agricole tradizionali e la voglia di risollevarsi insieme.<\/p>\n\n\n\n<p class=\"has-medium-font-size\">Non ci sono esperti esterni che vengono con un approccio neo-coloniale, ma uno scambio alla pari tra persone che condividono le finalit\u00e0 del progetto e lavorano insieme per realizzarle.<\/p>\n\n\n\n<p class=\"has-medium-font-size\">I lavoratori, le lavoratrici e i soci della Cooperativa Insieme, con l\u2019aiuto della rete di supporto a Lamponi di Pace, vogliono riconquistare il diritto a vivere una vita normale.<\/p>\n","protected":false},"excerpt":{"rendered":"<p>Lamponi di Pace Questo \u00e8 il nome che abbiamo scelto per definire in una breve frase l\u2019idea originaria che ha dato origine alla Cooperativa Insieme. Noi siamo convinti che la Cooperativa e tutte le azioni svolte nel programma \u201cLamponi di Pace\u201d non siano soltanto un\u2019iniziativa di cooperazione allo sviluppo, ma rappresentino una sorta di percorso [&hellip;]<\/p>\n","protected":false},"author":1,"featured_media":0,"parent":0,"menu_order":0,"comment_status":"closed","ping_status":"closed","template":"","meta":{"_monsterinsights_skip_tracking":false,"_monsterinsights_sitenote_active":false,"_monsterinsights_sitenote_note":"","_monsterinsights_sitenote_category":0,"footnotes":""},"class_list":["post-14","page","type-page","status-publish","hentry"],"aioseo_notices":[],"_links":{"self":[{"href":"https:\/\/insieme-coop.com\/index.php?rest_route=\/wp\/v2\/pages\/14","targetHints":{"allow":["GET"]}}],"collection":[{"href":"https:\/\/insieme-coop.com\/index.php?rest_route=\/wp\/v2\/pages"}],"about":[{"href":"https:\/\/insieme-coop.com\/index.php?rest_route=\/wp\/v2\/types\/page"}],"author":[{"embeddable":true,"href":"https:\/\/insieme-coop.com\/index.php?rest_route=\/wp\/v2\/users\/1"}],"replies":[{"embeddable":true,"href":"https:\/\/insieme-coop.com\/index.php?rest_route=%2Fwp%2Fv2%2Fcomments&post=14"}],"version-history":[{"count":11,"href":"https:\/\/insieme-coop.com\/index.php?rest_route=\/wp\/v2\/pages\/14\/revisions"}],"predecessor-version":[{"id":187,"href":"https:\/\/insieme-coop.com\/index.php?rest_route=\/wp\/v2\/pages\/14\/revisions\/187"}],"wp:attachment":[{"href":"https:\/\/insieme-coop.com\/index.php?rest_route=%2Fwp%2Fv2%2Fmedia&parent=14"}],"curies":[{"name":"wp","href":"https:\/\/api.w.org\/{rel}","templated":true}]}}